{"id":470,"date":"2016-02-02T10:49:21","date_gmt":"2016-02-02T10:49:21","guid":{"rendered":"http:\/\/steep.dk\/?page_id=470"},"modified":"2020-09-05T19:34:01","modified_gmt":"2020-09-05T19:34:01","slug":"blog","status":"publish","type":"page","link":"https:\/\/steep.dk\/?page_id=470","title":{"rendered":"Velkommen til steep.dk"},"content":{"rendered":"<p>&#8230; din garanti for fede MTB og E-MTB-oplevelser i Silkeborg.<\/p>\n<p>Silkeborg er uden sammenligning Danmarks MTB-hovedstad. Med sporene i Nord og Vesterskoven har man nogle af landets bedste spor, helt byn\u00e6rt. Dertil kommer det nyrenoverede spor, Trolden i Gjern og frem for alt Danmarks Tag, der af de dygtigste mtb&#8217;ere bliver regnet for noget n\u00e6r det ypperste i landet.<\/p>\n<p>Krydrer man sporene med de uendelige muligher i Danmarks st\u00f8rste og mest kuperede skovomr\u00e5de omkring Silkeborg, s\u00e5 har man mtb-k\u00f8rsel til et helt liv.<\/p>\n<p>Dertil kommer landets fedeste BikePark, hvor der er flow og hop, til alle niveauer.<\/p>\n<p>Kommer man en enkelt dag eller en weekend, kan det godt virke uoverskueligt. N\u00e5r vi alt det sjoveste? Finder vi det der passer bedst til os?<\/p>\n<p>Vores lokalkendskab bygger p\u00e5 \u00e5rtiers k\u00f8rsel i skovene. Vi kender alle de tilg\u00e6ngelige spor, de flotteste udsigter, s\u00f8erne hvor man kan tage en dukkert og smutvejene, s\u00e5 man kan kombinere de sjoveste spor i en uendelighed. Men&#8230; Du kan ikke n\u00e5 det hele p\u00e5 en dag eller en weekend!<\/p>\n<p>Vi k\u00f8rer ture b\u00e5de p\u00e5 almindelige mountainbikes, men ogs\u00e5 p\u00e5 Turbo Levo E-bikes, som kan \u00f8ge r\u00e6kkevidden til alt det sjove.<\/p>\n<p>Find inspiration her:<\/p>\n<p><a href=\"http:\/\/steep.dk\/?p=640\">Guidede Mtb-ture<\/a><\/p>\n<p><a href=\"http:\/\/steep.dk\/?p=628\">Guidede ture p\u00e5 Turbo Levo E-mtb<\/a><\/p>\n<p><a href=\"http:\/\/steep.dk\/?p=630\">Teknikkurser<\/a><\/p>\n<p>Med uddannede guider og instrukt\u00f8rer f\u00e5r du den bedste og tryggeste oplevelse, uanset om du vil have en guidet tur eller et teknikkursus.<\/p>\n<p>steep.dk har de n\u00f8dvendige tilladelser og aftaler for at bruge skovene og betaler selvf\u00f8lgelig den obligatoriske afgift til Naturstyrelsen. (Penge som de bruger p\u00e5 materialer til vedligehold og udvidelse af sporene!)<\/p>\n<p><script>\/\/ <![CDATA[\n(function(i,s,o,g,r,a,m){i['GoogleAnalyticsObject']=r;i[r]=i[r]||function(){ (i[r].q=i[r].q||[]).push(arguments)},i[r].l=1*new Date();a=s.createElement(o), m=s.getElementsByTagName(o)[0];a.async=1;a.src=g;m.parentNode.insertBefore(a,m) })(window,document,'script','\/\/www.google-analytics.com\/analytics.js','ga'); ga('create', 'UA-71428609-1', 'auto'); ga('send', 'pageview');\n\/\/ ]]><\/script><\/p>\n\t\t\t\t\t\t\t<style>\n\t\t\t\t\t\t\t\t\t\t\t\t\t\t.huge-it-share-buttons {\n\t\t\t\t\t\t\t\tborder:0px solid #0FB5D6;\n\t\t\t\t\t\t\t\tborder-radius:5px;\n\t\t\t\t\t\t\t\t\n\t\t\t\t\t\t\t\t\n\t\t\t\t\t\t\t\t\t\t\t\t\t\t\t\t text-align:right; \t\t\t\t\t\t\t\t\t\t\t\t\t\t\t}\n\t\t\t\t\t\t\t\n\t\t\t\t\t\t\t#huge-it-share-buttons-top {margin-bottom:0px;}\n\t\t\t\t\t\t\t#huge-it-share-buttons-bottom {margin-top:0px;}\n\t\t\t\t\t\t\t\n\t\t\t\t\t\t\t.huge-it-share-buttons h3 {\n\t\t\t\t\t\t\t\tfont-size:25px ;\n\t\t\t\t\t\t\t\tfont-family:Arial,Helvetica Neue,Helvetica,sans-serif;\n\t\t\t\t\t\t\t\tcolor:#666666;\n\t\t\t\t\t\t\t\t\n\t\t\t\t\t\t\t\tdisplay:block;\t\t\t\t\t\t\t\tline-height:25px ;\n\t\t\t\t\t\t\t\t\n\t\t\t\t\t\t\t\t\t\t\t\t\t\t\t\t text-align:right; \t\t\t\t\t\t\t\t\t\t\t\t\t\t\t}\n\t\t\t\t\t\t\t\n\t\t\t\t\t\t\t\n\t\t\t\t\t\t\t.huge-it-share-buttons ul {\t\n\t\t\t\t\t\t\t\t\t\t\t\t\t\t\t\t float:right; \t\t\t\t\t\t\t\t\t\t\t\t\t\t\t}\n\t\t\t\t\t\t\t\n\t\t\t\t\t\t\t.huge-it-share-buttons ul li {\n\t\t\t\t\t\t\t\tmargin-left:3px !important;\n\t\t\t\t\t\t\t\tmargin-right:3px !important;\n\t\t\t\t\t\t\t\tpadding:0px;\n\t\t\t\t\t\t\t\tborder:0px ridge #E6354C;\n\t\t\t\t\t\t\t\tborder-radius:11px;\n\t\t\t\t\t\t\t\tbackground-color:#14CC9B;\n\t\t\t\t\t\t\t\twidth:auto !important;\n\t\t\t\t\t\t\t}\n\t\t\t\t\t\t\t\n\t\t\t\t\t\t\t.huge-it-share-buttons ul li #backforunical470 {\n\t\t\t\t\t\t\t\tbackground-image:url('https:\/\/steep.dk\/wp-content\/plugins\/wp-share-buttons\/Front_end\/..\/images\/buttons.20.png');\n\t\t\t\t\t\t\t\twidth:20px;\n\t\t\t\t\t\t\t\theight:20px;\n\t\t\t\t\t\t\t}\n\t\t\t\t\t\t<\/style>\n\t\t\t\t\t\t\t\t\t\t\t\t<div id=\"huge-it-share-buttons-top\" class=\"huge-it-share-buttons nobackground\">\n\t\t\t\t\t\t\t<h3>Share This:<\/h3>\n\t\t\t\t\t\t\t<ul class=\"huge-it-share-buttons-list\">\t\t\n\t\t\t\t\t\t\t\t\n\t\t\t\t\t\t\t\t\t\t\t\t\t\t\t\t\t<li class=\" nobackground\" >\n\t\t\t\t\t\t\t\t\t\n\t\t\t\t\t\t\t\t\t\t\t\t\t\t\t\t\t\t\t\t\t<a id=\"backforunical470\" href=\"https:\/\/www.facebook.com\/sharer\/sharer.php?m2w&u=steep.dk\/index.php?rest_route=%2Fwp%2Fv2%2Fpages%2F470\"  onclick=\"javascript:void window.open('https:\/\/www.facebook.com\/sharer\/sharer.php?m2w&u=steep.dk\/index.php?rest_route=%2Fwp%2Fv2%2Fpages%2F470','1410949501326','width=700,height=500,toolbar=0,menubar=0,location=0,status=1,scrollbars=1,resizable=1,left=0,top=0');return false;\" style=\"background-position: -0px -80px \"><\/a>\n\t\t\t\t\t\t\t\t\t<\/li>\n\t\t\t\t\t\t\t\t\t\t\t\t\t\t\t\t\t<li class=\" nobackground\" >\n\t\t\t\t\t\t\t\t\t\n\t\t\t\t\t\t\t\t\t\t\t\t\t\t\t\t\t\t\t\t\t<a id=\"backforunical470\" href=\"https:\/\/twitter.com\/share?status=steep.dk\/index.php?rest_route=%2Fwp%2Fv2%2Fpages%2F470&text=Velkommen til steep.dk\"  onclick=\"javascript:void window.open('https:\/\/twitter.com\/share?status=steep.dk\/index.php?rest_route=%2Fwp%2Fv2%2Fpages%2F470&text=Velkommen til steep.dk','1410949501326','width=700,height=500,toolbar=0,menubar=0,location=0,status=1,scrollbars=1,resizable=1,left=0,top=0');return false;\" style=\"background-position: -20px -80px \"><\/a>\n\t\t\t\t\t\t\t\t\t<\/li>\n\t\t\t\t\t\t\t\t\t\t\t\t\t\t\t\t\t<li class=\"none nobackground\" >\n\t\t\t\t\t\t\t\t\t\n\t\t\t\t\t\t\t\t\t\t\t\t\t\t\t\t\t\t\t\t\t<a id=\"backforunical470\" href=\"http:\/\/www.pinterest.com\/pin\/create\/button\/?url=steep.dk\/index.php?rest_route=%2Fwp%2Fv2%2Fpages%2F470&media=https:\/\/steep.dk\/wp-content\/plugins\/wp-share-buttons\/Front_end\/..\/images\/noimage.png&description=Velkommen til steep.dk\"  onclick=\"javascript:void window.open('http:\/\/www.pinterest.com\/pin\/create\/button\/?url=steep.dk\/index.php?rest_route=%2Fwp%2Fv2%2Fpages%2F470&media=https:\/\/steep.dk\/wp-content\/plugins\/wp-share-buttons\/Front_end\/..\/images\/noimage.png&description=Velkommen til steep.dk','1410949501326','width=700,height=500,toolbar=0,menubar=0,location=0,status=1,scrollbars=1,resizable=1,left=0,top=0');return false;\" style=\"background-position: -40px -80px \"><\/a>\n\t\t\t\t\t\t\t\t\t<\/li>\n\t\t\t\t\t\t\t\t\t\t\t\t\t\t\t\t\t<li class=\"none nobackground\" >\n\t\t\t\t\t\t\t\t\t\n\t\t\t\t\t\t\t\t\t\t\t\t\t\t\t\t\t\t\t\t\t<a id=\"backforunical470\" href=\"https:\/\/plus.google.com\/share?url=steep.dk\/index.php?rest_route=%2Fwp%2Fv2%2Fpages%2F470\"  onclick=\"javascript:void window.open('https:\/\/plus.google.com\/share?url=steep.dk\/index.php?rest_route=%2Fwp%2Fv2%2Fpages%2F470','1410949501326','width=700,height=500,toolbar=0,menubar=0,location=0,status=1,scrollbars=1,resizable=1,left=0,top=0');return false;\" style=\"background-position: -60px -80px \"><\/a>\n\t\t\t\t\t\t\t\t\t<\/li>\n\t\t\t\t\t\t\t\t\t\t\t\t\t\t\t\t\t<li class=\" nobackground\" >\n\t\t\t\t\t\t\t\t\t\n\t\t\t\t\t\t\t\t\t\t\t\t\t\t\t\t\t\t\t\t\t<a id=\"backforunical470\" href=\"https:\/\/www.linkedin.com\/shareArticle?title=Velkommen til steep.dk&mini=true&url=steep.dk\/index.php?rest_route=%2Fwp%2Fv2%2Fpages%2F470\"  onclick=\"javascript:void window.open('https:\/\/www.linkedin.com\/shareArticle?title=Velkommen til steep.dk&mini=true&url=steep.dk\/index.php?rest_route=%2Fwp%2Fv2%2Fpages%2F470','1410949501326','width=700,height=500,toolbar=0,menubar=0,location=0,status=1,scrollbars=1,resizable=1,left=0,top=0');return false;\" style=\"background-position: -80px -80px \"><\/a>\n\t\t\t\t\t\t\t\t\t<\/li>\n\t\t\t\t\t\t\t\t\t\t\t\t\t\t\t\t\t<li class=\"none nobackground\" >\n\t\t\t\t\t\t\t\t\t\n\t\t\t\t\t\t\t\t\t\t\t\t\t\t\t\t\t\t\t\t\t<a id=\"backforunical470\" href=\"https:\/\/www.tumblr.com\/share\/link?url=steep.dk\/index.php?rest_route=%2Fwp%2Fv2%2Fpages%2F470&name=Velkommen til steep.dk\"  onclick=\"javascript:void window.open('https:\/\/www.tumblr.com\/share\/link?url=steep.dk\/index.php?rest_route=%2Fwp%2Fv2%2Fpages%2F470&name=Velkommen til steep.dk','1410949501326','width=700,height=500,toolbar=0,menubar=0,location=0,status=1,scrollbars=1,resizable=1,left=0,top=0');return false;\" style=\"background-position: -100px -80px \"><\/a>\n\t\t\t\t\t\t\t\t\t<\/li>\n\t\t\t\t\t\t\t\t\t\t\t\t\t\t\t\t\t<li class=\"none nobackground\" >\n\t\t\t\t\t\t\t\t\t\n\t\t\t\t\t\t\t\t\t\t\t\t\t\t\t\t\t\t\t\t\t<a id=\"backforunical470\" href=\"http:\/\/digg.com\/submit?phase=2&url=steep.dk\/index.php?rest_route=%2Fwp%2Fv2%2Fpages%2F470&title=Velkommen til steep.dk\"  onclick=\"javascript:void window.open('http:\/\/digg.com\/submit?phase=2&url=steep.dk\/index.php?rest_route=%2Fwp%2Fv2%2Fpages%2F470&title=Velkommen til steep.dk','1410949501326','width=700,height=500,toolbar=0,menubar=0,location=0,status=1,scrollbars=1,resizable=1,left=0,top=0');return false;\" style=\"background-position: -120px -80px \"><\/a>\n\t\t\t\t\t\t\t\t\t<\/li>\n\t\t\t\t\t\t\t\t\t\t\t\t\t\t\t\t\t<li class=\"none nobackground\" >\n\t\t\t\t\t\t\t\t\t\n\t\t\t\t\t\t\t\t\t\t\t\t\t\t\t\t\t\t\t\t\t<a id=\"backforunical470\" href=\"http:\/\/www.stumbleupon.com\/submit?url=steep.dk\/index.php?rest_route=%2Fwp%2Fv2%2Fpages%2F470&title=Velkommen til steep.dk\"  onclick=\"javascript:void window.open('http:\/\/www.stumbleupon.com\/submit?url=steep.dk\/index.php?rest_route=%2Fwp%2Fv2%2Fpages%2F470&title=Velkommen til steep.dk','1410949501326','width=700,height=500,toolbar=0,menubar=0,location=0,status=1,scrollbars=1,resizable=1,left=0,top=0');return false;\" style=\"background-position: -140px -80px \"><\/a>\n\t\t\t\t\t\t\t\t\t<\/li>\n\t\t\t\t\t\t\t\t\t\t\t\t\t\t\t\t\t<li class=\"none nobackground\" >\n\t\t\t\t\t\t\t\t\t\n\t\t\t\t\t\t\t\t\t\t\t\t\t\t\t\t\t\t\t\t\t<a id=\"backforunical470\" href=\"https:\/\/myspace.com\/post?l=3&u=steep.dk\/index.php?rest_route=%2Fwp%2Fv2%2Fpages%2F470\"  onclick=\"javascript:void window.open('https:\/\/myspace.com\/post?l=3&u=steep.dk\/index.php?rest_route=%2Fwp%2Fv2%2Fpages%2F470','1410949501326','width=700,height=500,toolbar=0,menubar=0,location=0,status=1,scrollbars=1,resizable=1,left=0,top=0');return false;\" style=\"background-position: -160px -80px \"><\/a>\n\t\t\t\t\t\t\t\t\t<\/li>\n\t\t\t\t\t\t\t\t\t\t\t\t\t\t\t\t\t<li class=\"none nobackground\" >\n\t\t\t\t\t\t\t\t\t\n\t\t\t\t\t\t\t\t\t\t\t\t\t\t\t\t\t\t\t\t\t<a id=\"backforunical470\" href=\"http:\/\/vk.com\/share.php?url=steep.dk\/index.php?rest_route=%2Fwp%2Fv2%2Fpages%2F470&title=Velkommen til steep.dk\"  onclick=\"javascript:void window.open('http:\/\/vk.com\/share.php?url=steep.dk\/index.php?rest_route=%2Fwp%2Fv2%2Fpages%2F470&title=Velkommen til steep.dk','1410949501326','width=700,height=500,toolbar=0,menubar=0,location=0,status=1,scrollbars=1,resizable=1,left=0,top=0');return false;\" style=\"background-position: -180px -80px \"><\/a>\n\t\t\t\t\t\t\t\t\t<\/li>\n\t\t\t\t\t\t\t\t\t\t\t\t\t\t\t\t\t<li class=\"none nobackground\" >\n\t\t\t\t\t\t\t\t\t\n\t\t\t\t\t\t\t\t\t\t\t\t\t\t\t\t\t\t\t\t\t<a id=\"backforunical470\" href=\"http:\/\/www.reddit.com\/submit?url=steep.dk\/index.php?rest_route=%2Fwp%2Fv2%2Fpages%2F470&title=Velkommen til steep.dk\"  onclick=\"javascript:void window.open('http:\/\/www.reddit.com\/submit?url=steep.dk\/index.php?rest_route=%2Fwp%2Fv2%2Fpages%2F470&title=Velkommen til steep.dk','1410949501326','width=700,height=500,toolbar=0,menubar=0,location=0,status=1,scrollbars=1,resizable=1,left=0,top=0');return false;\" style=\"background-position: -200px -80px \"><\/a>\n\t\t\t\t\t\t\t\t\t<\/li>\n\t\t\t\t\t\t\t\t\t\t\t\t\t\t\t\t\t<li class=\"none nobackground\" >\n\t\t\t\t\t\t\t\t\t\n\t\t\t\t\t\t\t\t\t\t\t\t\t\t\t\t\t\t\t\t\t<a id=\"backforunical470\" href=\"http:\/\/www.bebo.com\/c\/share?Url=steep.dk\/index.php?rest_route=%2Fwp%2Fv2%2Fpages%2F470\"  onclick=\"javascript:void window.open('http:\/\/www.bebo.com\/c\/share?Url=steep.dk\/index.php?rest_route=%2Fwp%2Fv2%2Fpages%2F470','1410949501326','width=700,height=500,toolbar=0,menubar=0,location=0,status=1,scrollbars=1,resizable=1,left=0,top=0');return false;\" style=\"background-position: -220px -80px \"><\/a>\n\t\t\t\t\t\t\t\t\t<\/li>\n\t\t\t\t\t\t\t\t\t\t\t\t\t\t\t\t\t<li class=\"none nobackground\" >\n\t\t\t\t\t\t\t\t\t\n\t\t\t\t\t\t\t\t\t\t\t\t\t\t\t\t\t\t\t\t\t<a id=\"backforunical470\" href=\"https:\/\/delicious.com\/save?v=5&noui&jump=close&url=steep.dk\/index.php?rest_route=%2Fwp%2Fv2%2Fpages%2F470&title=Velkommen til steep.dk\"  onclick=\"javascript:void window.open('https:\/\/delicious.com\/save?v=5&noui&jump=close&url=steep.dk\/index.php?rest_route=%2Fwp%2Fv2%2Fpages%2F470&title=Velkommen til steep.dk','1410949501326','width=700,height=500,toolbar=0,menubar=0,location=0,status=1,scrollbars=1,resizable=1,left=0,top=0');return false;\" style=\"background-position: -240px -80px \"><\/a>\n\t\t\t\t\t\t\t\t\t<\/li>\n\t\t\t\t\t\t\t\t\t\t\t\t\t\t\t\t\t<li class=\"none nobackground\" >\n\t\t\t\t\t\t\t\t\t\n\t\t\t\t\t\t\t\t\t\t\t\t\t\t\t\t\t\t\t\t\t<a id=\"backforunical470\" href=\"http:\/\/www.odnoklassniki.ru\/dk?st.cmd=addShare&st.s=2&st.noresize=on&st._surl=steep.dk\/index.php?rest_route=%2Fwp%2Fv2%2Fpages%2F470\"  onclick=\"javascript:void window.open('http:\/\/www.odnoklassniki.ru\/dk?st.cmd=addShare&st.s=2&st.noresize=on&st._surl=steep.dk\/index.php?rest_route=%2Fwp%2Fv2%2Fpages%2F470','1410949501326','width=700,height=500,toolbar=0,menubar=0,location=0,status=1,scrollbars=1,resizable=1,left=0,top=0');return false;\" style=\"background-position: -260px -80px \"><\/a>\n\t\t\t\t\t\t\t\t\t<\/li>\n\t\t\t\t\t\t\t\t\t\t\t\t\t\t\t\t\t<li class=\"none nobackground\" >\n\t\t\t\t\t\t\t\t\t\n\t\t\t\t\t\t\t\t\t\t\t\t\t\t\t\t\t\t\t\t\t<a id=\"backforunical470\" href=\"http:\/\/sns.qzone.qq.com\/cgi-bin\/qzshare\/cgi_qzshare_onekey?url=steep.dk\/index.php?rest_route=%2Fwp%2Fv2%2Fpages%2F470&title=Velkommen til steep.dk\"  onclick=\"javascript:void window.open('http:\/\/sns.qzone.qq.com\/cgi-bin\/qzshare\/cgi_qzshare_onekey?url=steep.dk\/index.php?rest_route=%2Fwp%2Fv2%2Fpages%2F470&title=Velkommen til steep.dk','1410949501326','width=700,height=500,toolbar=0,menubar=0,location=0,status=1,scrollbars=1,resizable=1,left=0,top=0');return false;\" style=\"background-position: -280px -80px \"><\/a>\n\t\t\t\t\t\t\t\t\t<\/li>\n\t\t\t\t\t\t\t\t\t\t\t\t\t\t\t\t\t<li class=\"none nobackground\" >\n\t\t\t\t\t\t\t\t\t\n\t\t\t\t\t\t\t\t\t\t\t\t\t\t\t\t\t\t\t\t\t<a id=\"backforunical470\" href=\"http:\/\/service.weibo.com\/share\/share.php?url=steep.dk\/index.php?rest_route=%2Fwp%2Fv2%2Fpages%2F470&appkey=&title=Velkommen til steep.dk&pic=&ralateUid=&\"  onclick=\"javascript:void window.open('http:\/\/service.weibo.com\/share\/share.php?url=steep.dk\/index.php?rest_route=%2Fwp%2Fv2%2Fpages%2F470&appkey=&title=Velkommen til steep.dk&pic=&ralateUid=&','1410949501326','width=700,height=500,toolbar=0,menubar=0,location=0,status=1,scrollbars=1,resizable=1,left=0,top=0');return false;\" style=\"background-position: -300px -80px \"><\/a>\n\t\t\t\t\t\t\t\t\t<\/li>\n\t\t\t\t\t\t\t\t\t\t\t\t\t\t\t\t\t<li class=\"none nobackground\" >\n\t\t\t\t\t\t\t\t\t\n\t\t\t\t\t\t\t\t\t\t\t\t\t\t\t\t\t\t\t\t\t<a id=\"backforunical470\" href=\"http:\/\/widget.renren.com\/dialog\/share?resourceUrl=steep.dk\/index.php?rest_route=%2Fwp%2Fv2%2Fpages%2F470&srcUrl=steep.dk\/index.php?rest_route=%2Fwp%2Fv2%2Fpages%2F470&title=Velkommen til steep.dk\"  onclick=\"javascript:void window.open('http:\/\/widget.renren.com\/dialog\/share?resourceUrl=steep.dk\/index.php?rest_route=%2Fwp%2Fv2%2Fpages%2F470&srcUrl=steep.dk\/index.php?rest_route=%2Fwp%2Fv2%2Fpages%2F470&title=Velkommen til steep.dk','1410949501326','width=700,height=500,toolbar=0,menubar=0,location=0,status=1,scrollbars=1,resizable=1,left=0,top=0');return false;\" style=\"background-position: -320px -80px \"><\/a>\n\t\t\t\t\t\t\t\t\t<\/li>\n\t\t\t\t\t\t\t\t\t\t\t\t\t\t\t\t\t<li class=\"none nobackground\" >\n\t\t\t\t\t\t\t\t\t\n\t\t\t\t\t\t\t\t\t\t\t\t\t\t\t\t\t\t\t\t\t<a id=\"backforunical470\" href=\"http:\/\/n4g.com\/tips?url=steep.dk\/index.php?rest_route=%2Fwp%2Fv2%2Fpages%2F470&title=Velkommen til steep.dk\"  onclick=\"javascript:void window.open('http:\/\/n4g.com\/tips?url=steep.dk\/index.php?rest_route=%2Fwp%2Fv2%2Fpages%2F470&title=Velkommen til steep.dk','1410949501326','width=700,height=500,toolbar=0,menubar=0,location=0,status=1,scrollbars=1,resizable=1,left=0,top=0');return false;\" style=\"background-position: -340px -80px \"><\/a>\n\t\t\t\t\t\t\t\t\t<\/li>\n\t\t\t\t\t\t\t\t\t\t\t\t\t\t\t<\/ul>\n\t\t\t\t\t\t\n\t\t\t\t\t\t\t<div class=\"clear\"><\/div>\n\t\t\t\t\t\t<\/div>\n\n\t\n\t\n\n\t","protected":false},"excerpt":{"rendered":"<p>&#8230; din garanti for fede MTB og E-MTB-oplevelser i Silkeborg. Silkeborg er uden sammenligning Danmarks MTB-hovedstad. Med sporene i Nord og Vesterskoven har man nogle af landets bedste spor, helt byn\u00e6rt. Dertil kommer det nyrenoverede spor, Trolden i Gjern og frem for alt Danmarks Tag, der af de dygtigste mtb&#8217;ere bliver regnet for noget n\u00e6r &hellip; <a href=\"https:\/\/steep.dk\/?page_id=470\" class=\"more-link\">L\u00e6s videre <span class=\"screen-reader-text\">Velkommen til steep.dk<\/span> <span class=\"meta-nav\">&rarr;<\/span><\/a><\/p>\n","protected":false},"author":1,"featured_media":0,"parent":0,"menu_order":0,"comment_status":"closed","ping_status":"closed","template":"","meta":{"footnotes":""},"class_list":["post-470","page","type-page","status-publish","hentry"],"_links":{"self":[{"href":"https:\/\/steep.dk\/index.php?rest_route=\/wp\/v2\/pages\/470","targetHints":{"allow":["GET"]}}],"collection":[{"href":"https:\/\/steep.dk\/index.php?rest_route=\/wp\/v2\/pages"}],"about":[{"href":"https:\/\/steep.dk\/index.php?rest_route=\/wp\/v2\/types\/page"}],"author":[{"embeddable":true,"href":"https:\/\/steep.dk\/index.php?rest_route=\/wp\/v2\/users\/1"}],"replies":[{"embeddable":true,"href":"https:\/\/steep.dk\/index.php?rest_route=%2Fwp%2Fv2%2Fcomments&post=470"}],"version-history":[{"count":8,"href":"https:\/\/steep.dk\/index.php?rest_route=\/wp\/v2\/pages\/470\/revisions"}],"predecessor-version":[{"id":691,"href":"https:\/\/steep.dk\/index.php?rest_route=\/wp\/v2\/pages\/470\/revisions\/691"}],"wp:attachment":[{"href":"https:\/\/steep.dk\/index.php?rest_route=%2Fwp%2Fv2%2Fmedia&parent=470"}],"curies":[{"name":"wp","href":"https:\/\/api.w.org\/{rel}","templated":true}]}}